{"id":4122,"date":"2020-12-06T18:08:49","date_gmt":"2020-12-06T09:08:49","guid":{"rendered":"http:\/\/jarta.org\/en\/?page_id=4122"},"modified":"2025-03-06T12:27:25","modified_gmt":"2025-03-06T03:27:25","slug":"about","status":"publish","type":"page","link":"https:\/\/jarta.org\/en\/about\/","title":{"rendered":"about"},"content":{"rendered":"<p>[vc_row][vc_column][vc_empty_space][\/vc_column][\/vc_row][vc_row css=&#8221;.vc_custom_1608426521699{padding-bottom: 30px !important;background-color: #f4eee8 !important;}&#8221;][vc_column][vc_custom_heading text=&#8221;about&#8221; font_container=&#8221;tag:h2|text_align:center&#8221; use_theme_fonts=&#8221;yes&#8221;][\/vc_column][\/vc_row][vc_row][vc_column][vc_empty_space][\/vc_column][\/vc_row][vc_row][vc_column width=&#8221;1\/2&#8243;][vc_empty_space][vc_custom_heading text=&#8221;Office&#8221; font_container=&#8221;tag:h3|font_size:25|text_align:left&#8221; use_theme_fonts=&#8221;yes&#8221;][vc_empty_space][vc_column_text][Address] 403 Shimomaruyach\u014d, Nakagy\u014d-ku, Ky\u014dto-shi, Ky\u014dto, Japan, 604-8811<br \/>\n[TEL] +81(0)75-777-1244<br \/>\n[Business Hour] Mon. &#8211; Fri. 09:30-18:00 JST (Closed on holidays, New Year Days)<\/p>\n<p>*Phone calls will be transferred. Try <a href=\"http:\/\/jarta.org\/en\/contact\/\" target=\"_blank\" rel=\"noopener\">mail forms<\/a>, too.[\/vc_column_text][vc_empty_space height=&#8221;64px&#8221;][vc_column_text]\u25a0International Certificate Department<\/p>\n<p>Director: \u3000\u3000\u3000Takeaki Shibuya<\/p>\n<p>Ushio Tsukie<\/p>\n<p>\u25a0Administration\u3000\u3000\u00a0 Masako Atsuumi[\/vc_column_text][\/vc_column][vc_column width=&#8221;1\/2&#8243;][\/vc_column][\/vc_row][vc_row][vc_column][vc_empty_space][vc_separator][vc_empty_space][vc_custom_heading text=&#8221;Staffs&#8221; font_container=&#8221;tag:h3|font_size:25|text_align:left&#8221; use_theme_fonts=&#8221;yes&#8221;][vc_empty_space][vc_column_text]\u25a0Chairperson\uff1aMasaru Takayama, Spirit of Japan Travel (Hyogo 2-809)<br \/>\n\u25a0Deputy Representative Director\uff1aHisashi Inoue, Ridas (Shiga 3-282)<br \/>\n\u25a0Deputy Representative Director\uff1aYuka Abe, Anabuki Travel (Commissioner of Japan Tourism Agency 1978)<br \/>\n\u25a0Director\uff1aKoichiro Suzuki, Takarajima Travel (Hokkaido 2-597)<br \/>\n\u25a0Director\uff1aNoriko Tada, Kumano Travel (Wakayama 2-283)<br \/>\n\u25a0Director\uff1aRaisuke Nishiya, In-Outbound Sendai-Matsushima (Miyagi 2-390)<br \/>\n\u25a0Auditor\uff1aKei Tamura, Kyoto<br \/>\n\u25a0Auditor\uff1aRyura Kubo, Iwate[\/vc_column_text][vc_empty_space height=&#8221;200px&#8221;][\/vc_column][\/vc_row]<\/p>\n","protected":false},"excerpt":{"rendered":"<p>[vc_row][vc_column][vc_empty_space][\/vc_ [&hellip;]<\/p>\n","protected":false},"author":1,"featured_media":0,"parent":0,"menu_order":0,"comment_status":"closed","ping_status":"closed","template":"","meta":[],"_links":{"self":[{"href":"https:\/\/jarta.org\/en\/wp-json\/wp\/v2\/pages\/4122"}],"collection":[{"href":"https:\/\/jarta.org\/en\/wp-json\/wp\/v2\/pages"}],"about":[{"href":"https:\/\/jarta.org\/en\/wp-json\/wp\/v2\/types\/page"}],"author":[{"embeddable":true,"href":"https:\/\/jarta.org\/en\/wp-json\/wp\/v2\/users\/1"}],"replies":[{"embeddable":true,"href":"https:\/\/jarta.org\/en\/wp-json\/wp\/v2\/comments?post=4122"}],"version-history":[{"count":89,"href":"https:\/\/jarta.org\/en\/wp-json\/wp\/v2\/pages\/4122\/revisions"}],"predecessor-version":[{"id":5735,"href":"https:\/\/jarta.org\/en\/wp-json\/wp\/v2\/pages\/4122\/revisions\/5735"}],"wp:attachment":[{"href":"https:\/\/jarta.org\/en\/wp-json\/wp\/v2\/media?parent=4122"}],"curies":[{"name":"wp","href":"https:\/\/api.w.org\/{rel}","templated":true}]}}